{"id":433,"date":"2025-09-29T17:34:56","date_gmt":"2025-09-29T14:34:56","guid":{"rendered":"https:\/\/matt-serial-check.com\/?page_id=433"},"modified":"2025-09-30T20:42:22","modified_gmt":"2025-09-30T17:42:22","slug":"accessibility","status":"publish","type":"page","link":"https:\/\/matt-serial-check.com\/fr\/accessibility\/","title":{"rendered":"Accessibilit\u00e9"},"content":{"rendered":"<h3 data-start=\"156\" data-end=\"174\">Introduction<\/h3>\n<p data-start=\"175\" data-end=\"524\">L\u2019internet constitue une plateforme d\u2019expression et d\u2019auto-repr\u00e9sentation, servant \u00e9galement d\u2019ar\u00e8ne sociale et politique.<br data-start=\"297\" data-end=\"300\" \/>Nous y achetons et y vendons, et les employ\u00e9s y sont aujourd\u2019hui plus expos\u00e9s qu\u2019auparavant.<br data-start=\"392\" data-end=\"395\" \/>De ce fait, il existe une obligation de permettre au public une exp\u00e9rience de navigation agr\u00e9able et aussi simple que possible.<\/p>\n<p data-start=\"526\" data-end=\"912\">Nous avons consacr\u00e9 des ressources consid\u00e9rables afin de rendre ce site accessible, permettant une navigation adapt\u00e9e \u00e0 l\u2019ensemble de la population et en particulier aux personnes en situation de handicap.<br data-start=\"731\" data-end=\"734\" \/>Le principe qui nous guide est celui de la dignit\u00e9 et de la libert\u00e9 humaines, piliers de la soci\u00e9t\u00e9 isra\u00e9lienne, o\u00f9 chacun poss\u00e8de des droits \u00e9gaux et une \u00e9galit\u00e9 fondamentale.<\/p>\n<h3 data-start=\"919\" data-end=\"965\"><\/h3>\n<h3 data-start=\"919\" data-end=\"965\">Utilisation du composant d\u2019accessibilit\u00e9<\/h3>\n<p data-start=\"966\" data-end=\"1095\">Ce site int\u00e8gre le plugin <strong data-start=\"992\" data-end=\"1016\">Enable Accessibility<\/strong> qui aide \u00e0 rendre le site accessible aux personnes en situation de handicap.<\/p>\n<h3 data-start=\"1102\" data-end=\"1137\"><\/h3>\n<h3 data-start=\"1102\" data-end=\"1137\">Guide d\u2019utilisation du menu :<\/h3>\n<ul data-start=\"1138\" data-end=\"2548\">\n<li data-start=\"1138\" data-end=\"1237\">\n<p data-start=\"1140\" data-end=\"1237\">Bouton d\u2019adaptation du site et de ses balises pour les technologies et dispositifs d\u2019assistance<\/p>\n<\/li>\n<li data-start=\"1238\" data-end=\"1308\">\n<p data-start=\"1240\" data-end=\"1308\">Bouton permettant la navigation au clavier entre les liens du site<\/p>\n<\/li>\n<li data-start=\"1309\" data-end=\"1383\">\n<p data-start=\"1311\" data-end=\"1383\">Bouton d\u00e9sactivation des clignotements et\/ou \u00e9l\u00e9ments anim\u00e9s \u00e0 l\u2019\u00e9cran<\/p>\n<\/li>\n<li data-start=\"1384\" data-end=\"1456\">\n<p data-start=\"1386\" data-end=\"1456\">Bouton mode monochrome noir et blanc pour les personnes daltoniennes<\/p>\n<\/li>\n<li data-start=\"1457\" data-end=\"1491\">\n<p data-start=\"1459\" data-end=\"1491\">Bouton s\u00e9pia (teinte brun\u00e2tre)<\/p>\n<\/li>\n<li data-start=\"1492\" data-end=\"1521\">\n<p data-start=\"1494\" data-end=\"1521\">Bouton de contraste \u00e9lev\u00e9<\/p>\n<\/li>\n<li data-start=\"1522\" data-end=\"1546\">\n<p data-start=\"1524\" data-end=\"1546\">Bouton noir et jaune<\/p>\n<\/li>\n<li data-start=\"1547\" data-end=\"1580\">\n<p data-start=\"1549\" data-end=\"1580\">Bouton inversion des couleurs<\/p>\n<\/li>\n<li data-start=\"1581\" data-end=\"1651\">\n<p data-start=\"1583\" data-end=\"1651\">Bouton de mise en \u00e9vidence claire des balises de titre sur le site<\/p>\n<\/li>\n<li data-start=\"1652\" data-end=\"1707\">\n<p data-start=\"1654\" data-end=\"1707\">Bouton de mise en \u00e9vidence claire des liens du site<\/p>\n<\/li>\n<li data-start=\"1708\" data-end=\"1799\">\n<p data-start=\"1710\" data-end=\"1799\">Bouton affichant la description alternative de toutes les images au survol de la souris<\/p>\n<\/li>\n<li data-start=\"1800\" data-end=\"1868\">\n<p data-start=\"1802\" data-end=\"1868\">Bouton affichant en permanence la description des images du site<\/p>\n<\/li>\n<li data-start=\"1869\" data-end=\"1912\">\n<p data-start=\"1871\" data-end=\"1912\">Bouton pour utiliser une police lisible<\/p>\n<\/li>\n<li data-start=\"1913\" data-end=\"1966\">\n<p data-start=\"1915\" data-end=\"1966\">Bouton pour augmenter la taille de police du site<\/p>\n<\/li>\n<li data-start=\"1967\" data-end=\"2018\">\n<p data-start=\"1969\" data-end=\"2018\">Bouton pour r\u00e9duire la taille de police du site<\/p>\n<\/li>\n<li data-start=\"2019\" data-end=\"2085\">\n<p data-start=\"2021\" data-end=\"2085\">Bouton permettant d\u2019agrandir l\u2019affichage jusqu\u2019\u00e0 environ 200 %<\/p>\n<\/li>\n<li data-start=\"2086\" data-end=\"2143\">\n<p data-start=\"2088\" data-end=\"2143\">Bouton permettant de r\u00e9duire l\u2019affichage jusqu\u2019\u00e0 70 %<\/p>\n<\/li>\n<li data-start=\"2144\" data-end=\"2196\">\n<p data-start=\"2146\" data-end=\"2196\">Bouton d\u2019agrandissement du pointeur de la souris<\/p>\n<\/li>\n<li data-start=\"2197\" data-end=\"2271\">\n<p data-start=\"2199\" data-end=\"2271\">Bouton d\u2019agrandissement et changement de couleur du pointeur (en noir)<\/p>\n<\/li>\n<li data-start=\"2272\" data-end=\"2303\">\n<p data-start=\"2274\" data-end=\"2303\">Bouton mode lecture du site<\/p>\n<\/li>\n<li data-start=\"2304\" data-end=\"2355\">\n<p data-start=\"2306\" data-end=\"2355\">Bouton affichant la d\u00e9claration d\u2019accessibilit\u00e9<\/p>\n<\/li>\n<li data-start=\"2356\" data-end=\"2413\">\n<p data-start=\"2358\" data-end=\"2413\">Bouton r\u00e9initialisation qui d\u00e9sactive l\u2019accessibilit\u00e9<\/p>\n<\/li>\n<li data-start=\"2414\" data-end=\"2467\">\n<p data-start=\"2416\" data-end=\"2467\">Bouton d\u2019acc\u00e8s pour envoyer un retour utilisateur<\/p>\n<\/li>\n<li data-start=\"2468\" data-end=\"2548\">\n<p data-start=\"2470\" data-end=\"2548\">Bouton de changement de langue conform\u00e9ment \u00e0 la d\u00e9claration d\u2019accessibilit\u00e9<\/p>\n<\/li>\n<\/ul>\n<h3 data-start=\"2555\" data-end=\"2588\"><\/h3>\n<h3 data-start=\"2555\" data-end=\"2588\">Raccourcis clavier utiles :<\/h3>\n<ul data-start=\"2589\" data-end=\"2954\">\n<li data-start=\"2589\" data-end=\"2652\">\n<p data-start=\"2591\" data-end=\"2652\"><strong data-start=\"2591\" data-end=\"2606\">\u00c9chap (Esc)<\/strong> : ouvrir et fermer la barre d\u2019accessibilit\u00e9<\/p>\n<\/li>\n<li data-start=\"2653\" data-end=\"2706\">\n<p data-start=\"2655\" data-end=\"2706\"><strong data-start=\"2655\" data-end=\"2665\">Ctrl +<\/strong> : augmenter la taille du texte du site<\/p>\n<\/li>\n<li data-start=\"2707\" data-end=\"2758\">\n<p data-start=\"2709\" data-end=\"2758\"><strong data-start=\"2709\" data-end=\"2719\">Ctrl &#8211;<\/strong> : r\u00e9duire la taille du texte du site<\/p>\n<\/li>\n<li data-start=\"2759\" data-end=\"2813\">\n<p data-start=\"2761\" data-end=\"2813\"><strong data-start=\"2761\" data-end=\"2771\">Ctrl 0<\/strong> : r\u00e9tablir la taille de texte d\u2019origine<\/p>\n<\/li>\n<li data-start=\"2814\" data-end=\"2872\">\n<p data-start=\"2816\" data-end=\"2872\"><strong data-start=\"2816\" data-end=\"2834\">Barre d\u2019espace<\/strong> : faire d\u00e9filer le site vers le bas<\/p>\n<\/li>\n<li data-start=\"2873\" data-end=\"2954\">\n<p data-start=\"2875\" data-end=\"2954\"><strong data-start=\"2875\" data-end=\"2882\">F11<\/strong> : passer en plein \u00e9cran (un nouvel appui r\u00e9duit \u00e0 la taille initiale)<\/p>\n<\/li>\n<\/ul>\n<h3 data-start=\"2961\" data-end=\"2996\"><\/h3>\n<h3 data-start=\"2961\" data-end=\"2996\">Pour \u00e9viter toute ambigu\u00eft\u00e9 :<\/h3>\n<p data-start=\"2997\" data-end=\"3339\">Nous nous engageons \u00e0 rendre notre site accessible \u00e0 toutes les personnes, avec ou sans handicap.<br data-start=\"3094\" data-end=\"3097\" \/>Ce site int\u00e8gre des technologies adapt\u00e9es \u00e0 vos besoins et vise \u00e0 \u00eatre largement utilisable par l\u2019ensemble de la population.<br data-start=\"3221\" data-end=\"3224\" \/>Nous faisons tous les efforts possibles pour am\u00e9liorer continuellement le niveau d\u2019accessibilit\u00e9, sans compromis.<\/p>\n<p data-start=\"3341\" data-end=\"3684\">Vous pourriez toutefois rencontrer certains \u00e9l\u00e9ments qui ne sont pas encore enti\u00e8rement accessibles, soit parce que nous n\u2019avons pas encore trouv\u00e9 la technologie adapt\u00e9e, soit parce qu\u2019ils ne sont pas encore pris en charge.<br data-start=\"3564\" data-end=\"3567\" \/>Dans ce cas, soyez assur\u00e9(e) que nous poursuivons nos efforts afin d\u2019atteindre le plus haut niveau d\u2019accessibilit\u00e9.<\/p>\n<p data-start=\"3686\" data-end=\"3835\">Si vous \u00e9prouvez une difficult\u00e9 lors de votre navigation sur le site, nous vous pr\u00e9sentons nos excuses et serions ravis que vous nous en informiez.<\/p>\n<p data-start=\"3686\" data-end=\"3835\">\n","protected":false},"excerpt":{"rendered":"<p>Introduction L\u2019internet constitue une plateforme d\u2019expression et d\u2019auto-repr\u00e9sentation, servant \u00e9galement d\u2019ar\u00e8ne sociale et politique.Nous y achetons et y vendons, et les employ\u00e9s y sont aujourd\u2019hui plus expos\u00e9s qu\u2019auparavant.De ce fait, il existe une obligation de permettre au public une exp\u00e9rience de navigation agr\u00e9able et aussi simple que possible. Nous avons consacr\u00e9 des ressources consid\u00e9rables afin [&hellip;]<\/p>\n","protected":false},"author":1,"featured_media":0,"parent":0,"menu_order":101,"comment_status":"closed","ping_status":"closed","template":"","meta":{"footnotes":""},"class_list":["post-433","page","type-page","status-publish","hentry"],"yoast_head":"<!-- This site is optimized with the Yoast SEO plugin v27.4 - https:\/\/yoast.com\/product\/yoast-seo-wordpress\/ -->\n<title>Accessibilit\u00e9 - Matt Serial Check<\/title>\n<meta name=\"robots\" content=\"noindex, nofollow\" \/>\n<meta property=\"og:locale\" content=\"fr_FR\" \/>\n<meta property=\"og:type\" content=\"article\" \/>\n<meta property=\"og:title\" content=\"Accessibilit\u00e9 - Matt Serial Check\" \/>\n<meta property=\"og:description\" content=\"Introduction L\u2019internet constitue une plateforme d\u2019expression et d\u2019auto-repr\u00e9sentation, servant \u00e9galement d\u2019ar\u00e8ne sociale et politique.Nous y achetons et y vendons, et les employ\u00e9s y sont aujourd\u2019hui plus expos\u00e9s qu\u2019auparavant.De ce fait, il existe une obligation de permettre au public une exp\u00e9rience de navigation agr\u00e9able et aussi simple que possible. Nous avons consacr\u00e9 des ressources consid\u00e9rables afin [&hellip;]\" \/>\n<meta property=\"og:url\" content=\"https:\/\/matt-serial-check.com\/fr\/accessibility\/\" \/>\n<meta property=\"og:site_name\" content=\"Matt Serial Check\" \/>\n<meta property=\"article:modified_time\" content=\"2025-09-30T17:42:22+00:00\" \/>\n<meta property=\"og:image\" content=\"https:\/\/matt-serial-check.com\/wp-content\/uploads\/2025\/09\/1.jpg\" \/>\n\t<meta property=\"og:image:width\" content=\"1200\" \/>\n\t<meta property=\"og:image:height\" content=\"628\" \/>\n\t<meta property=\"og:image:type\" content=\"image\/jpeg\" \/>\n<meta name=\"twitter:card\" content=\"summary_large_image\" \/>\n<meta name=\"twitter:label1\" content=\"Dur\u00e9e de lecture estim\u00e9e\" \/>\n\t<meta name=\"twitter:data1\" content=\"3 minutes\" \/>\n<script type=\"application\/ld+json\" class=\"yoast-schema-graph\">{\"@context\":\"https:\\\/\\\/schema.org\",\"@graph\":[{\"@type\":\"WebPage\",\"@id\":\"https:\\\/\\\/matt-serial-check.com\\\/fr\\\/accessibility\\\/\",\"url\":\"https:\\\/\\\/matt-serial-check.com\\\/fr\\\/accessibility\\\/\",\"name\":\"Accessibilit\u00e9 - Matt Serial Check\",\"isPartOf\":{\"@id\":\"https:\\\/\\\/matt-serial-check.com\\\/fr\\\/#website\"},\"datePublished\":\"2025-09-29T14:34:56+00:00\",\"dateModified\":\"2025-09-30T17:42:22+00:00\",\"breadcrumb\":{\"@id\":\"https:\\\/\\\/matt-serial-check.com\\\/fr\\\/accessibility\\\/#breadcrumb\"},\"inLanguage\":\"fr-FR\",\"potentialAction\":[{\"@type\":\"ReadAction\",\"target\":[\"https:\\\/\\\/matt-serial-check.com\\\/fr\\\/accessibility\\\/\"]}]},{\"@type\":\"BreadcrumbList\",\"@id\":\"https:\\\/\\\/matt-serial-check.com\\\/fr\\\/accessibility\\\/#breadcrumb\",\"itemListElement\":[{\"@type\":\"ListItem\",\"position\":1,\"name\":\"Home\",\"item\":\"https:\\\/\\\/matt-serial-check.com\\\/fr\\\/\"},{\"@type\":\"ListItem\",\"position\":2,\"name\":\"Accessibilit\u00e9\"}]},{\"@type\":\"WebSite\",\"@id\":\"https:\\\/\\\/matt-serial-check.com\\\/fr\\\/#website\",\"url\":\"https:\\\/\\\/matt-serial-check.com\\\/fr\\\/\",\"name\":\"Matt Serial Check\",\"description\":\"Authenticate Your Watch - Fast, Secure, Reliable.\",\"publisher\":{\"@id\":\"https:\\\/\\\/matt-serial-check.com\\\/fr\\\/#organization\"},\"potentialAction\":[{\"@type\":\"SearchAction\",\"target\":{\"@type\":\"EntryPoint\",\"urlTemplate\":\"https:\\\/\\\/matt-serial-check.com\\\/fr\\\/?s={search_term_string}\"},\"query-input\":{\"@type\":\"PropertyValueSpecification\",\"valueRequired\":true,\"valueName\":\"search_term_string\"}}],\"inLanguage\":\"fr-FR\"},{\"@type\":\"Organization\",\"@id\":\"https:\\\/\\\/matt-serial-check.com\\\/fr\\\/#organization\",\"name\":\"Matt Serial Check\",\"url\":\"https:\\\/\\\/matt-serial-check.com\\\/fr\\\/\",\"logo\":{\"@type\":\"ImageObject\",\"inLanguage\":\"fr-FR\",\"@id\":\"https:\\\/\\\/matt-serial-check.com\\\/fr\\\/#\\\/schema\\\/logo\\\/image\\\/\",\"url\":\"https:\\\/\\\/matt-serial-check.com\\\/wp-content\\\/uploads\\\/2025\\\/09\\\/2.jpg\",\"contentUrl\":\"https:\\\/\\\/matt-serial-check.com\\\/wp-content\\\/uploads\\\/2025\\\/09\\\/2.jpg\",\"width\":1200,\"height\":1200,\"caption\":\"Matt Serial Check\"},\"image\":{\"@id\":\"https:\\\/\\\/matt-serial-check.com\\\/fr\\\/#\\\/schema\\\/logo\\\/image\\\/\"}}]}<\/script>\n<!-- \/ Yoast SEO plugin. -->","yoast_head_json":{"title":"Accessibilit\u00e9 - Matt Serial Check","robots":{"index":"noindex","follow":"nofollow"},"og_locale":"fr_FR","og_type":"article","og_title":"Accessibilit\u00e9 - Matt Serial Check","og_description":"Introduction L\u2019internet constitue une plateforme d\u2019expression et d\u2019auto-repr\u00e9sentation, servant \u00e9galement d\u2019ar\u00e8ne sociale et politique.Nous y achetons et y vendons, et les employ\u00e9s y sont aujourd\u2019hui plus expos\u00e9s qu\u2019auparavant.De ce fait, il existe une obligation de permettre au public une exp\u00e9rience de navigation agr\u00e9able et aussi simple que possible. Nous avons consacr\u00e9 des ressources consid\u00e9rables afin [&hellip;]","og_url":"https:\/\/matt-serial-check.com\/fr\/accessibility\/","og_site_name":"Matt Serial Check","article_modified_time":"2025-09-30T17:42:22+00:00","og_image":[{"width":1200,"height":628,"url":"https:\/\/matt-serial-check.com\/wp-content\/uploads\/2025\/09\/1.jpg","type":"image\/jpeg"}],"twitter_card":"summary_large_image","twitter_misc":{"Dur\u00e9e de lecture estim\u00e9e":"3 minutes"},"schema":{"@context":"https:\/\/schema.org","@graph":[{"@type":"WebPage","@id":"https:\/\/matt-serial-check.com\/fr\/accessibility\/","url":"https:\/\/matt-serial-check.com\/fr\/accessibility\/","name":"Accessibilit\u00e9 - Matt Serial Check","isPartOf":{"@id":"https:\/\/matt-serial-check.com\/fr\/#website"},"datePublished":"2025-09-29T14:34:56+00:00","dateModified":"2025-09-30T17:42:22+00:00","breadcrumb":{"@id":"https:\/\/matt-serial-check.com\/fr\/accessibility\/#breadcrumb"},"inLanguage":"fr-FR","potentialAction":[{"@type":"ReadAction","target":["https:\/\/matt-serial-check.com\/fr\/accessibility\/"]}]},{"@type":"BreadcrumbList","@id":"https:\/\/matt-serial-check.com\/fr\/accessibility\/#breadcrumb","itemListElement":[{"@type":"ListItem","position":1,"name":"Home","item":"https:\/\/matt-serial-check.com\/fr\/"},{"@type":"ListItem","position":2,"name":"Accessibilit\u00e9"}]},{"@type":"WebSite","@id":"https:\/\/matt-serial-check.com\/fr\/#website","url":"https:\/\/matt-serial-check.com\/fr\/","name":"Matt Serial Check","description":"Authenticate Your Watch - Fast, Secure, Reliable.","publisher":{"@id":"https:\/\/matt-serial-check.com\/fr\/#organization"},"potentialAction":[{"@type":"SearchAction","target":{"@type":"EntryPoint","urlTemplate":"https:\/\/matt-serial-check.com\/fr\/?s={search_term_string}"},"query-input":{"@type":"PropertyValueSpecification","valueRequired":true,"valueName":"search_term_string"}}],"inLanguage":"fr-FR"},{"@type":"Organization","@id":"https:\/\/matt-serial-check.com\/fr\/#organization","name":"Matt Serial Check","url":"https:\/\/matt-serial-check.com\/fr\/","logo":{"@type":"ImageObject","inLanguage":"fr-FR","@id":"https:\/\/matt-serial-check.com\/fr\/#\/schema\/logo\/image\/","url":"https:\/\/matt-serial-check.com\/wp-content\/uploads\/2025\/09\/2.jpg","contentUrl":"https:\/\/matt-serial-check.com\/wp-content\/uploads\/2025\/09\/2.jpg","width":1200,"height":1200,"caption":"Matt Serial Check"},"image":{"@id":"https:\/\/matt-serial-check.com\/fr\/#\/schema\/logo\/image\/"}}]}},"_links":{"self":[{"href":"https:\/\/matt-serial-check.com\/fr\/wp-json\/wp\/v2\/pages\/433","targetHints":{"allow":["GET"]}}],"collection":[{"href":"https:\/\/matt-serial-check.com\/fr\/wp-json\/wp\/v2\/pages"}],"about":[{"href":"https:\/\/matt-serial-check.com\/fr\/wp-json\/wp\/v2\/types\/page"}],"author":[{"embeddable":true,"href":"https:\/\/matt-serial-check.com\/fr\/wp-json\/wp\/v2\/users\/1"}],"replies":[{"embeddable":true,"href":"https:\/\/matt-serial-check.com\/fr\/wp-json\/wp\/v2\/comments?post=433"}],"version-history":[{"count":3,"href":"https:\/\/matt-serial-check.com\/fr\/wp-json\/wp\/v2\/pages\/433\/revisions"}],"predecessor-version":[{"id":436,"href":"https:\/\/matt-serial-check.com\/fr\/wp-json\/wp\/v2\/pages\/433\/revisions\/436"}],"wp:attachment":[{"href":"https:\/\/matt-serial-check.com\/fr\/wp-json\/wp\/v2\/media?parent=433"}],"curies":[{"name":"wp","href":"https:\/\/api.w.org\/{rel}","templated":true}]}}