{"id":416,"date":"2025-09-23T08:03:40","date_gmt":"2025-09-23T05:03:40","guid":{"rendered":"https:\/\/matt-serial-check.com\/?page_id=416"},"modified":"2026-01-21T16:15:45","modified_gmt":"2026-01-21T14:15:45","slug":"patek-philippe","status":"publish","type":"page","link":"https:\/\/matt-serial-check.com\/fr\/patek-philippe\/","title":{"rendered":"Patek Philippe"},"content":{"rendered":"\t\t<div data-elementor-type=\"wp-page\" data-elementor-id=\"416\" class=\"elementor elementor-416 elementor-17\" data-elementor-post-type=\"page\">\n\t\t\t\t<div class=\"elementor-element elementor-element-fca10ae e-flex e-con-boxed e-con e-parent\" data-id=\"fca10ae\" data-element_type=\"container\" data-e-type=\"container\" data-settings=\"{&quot;background_background&quot;:&quot;classic&quot;}\">\n\t\t\t\t\t<div class=\"e-con-inner\">\n\t\t\t\t<div class=\"elementor-element elementor-element-9bc54e4 elementor-widget elementor-widget-image\" data-id=\"9bc54e4\" data-element_type=\"widget\" data-e-type=\"widget\" data-widget_type=\"image.default\">\n\t\t\t\t<div class=\"elementor-widget-container\">\n\t\t\t\t\t\t\t\t\t\t\t\t\t\t\t<img fetchpriority=\"high\" decoding=\"async\" width=\"800\" height=\"424\" src=\"https:\/\/matt-serial-check.com\/wp-content\/uploads\/2025\/09\/patek-philippe-1024x543.png\" class=\"attachment-large size-large wp-image-350\" alt=\"\" srcset=\"https:\/\/matt-serial-check.com\/wp-content\/uploads\/2025\/09\/patek-philippe-1024x543.png 1024w, https:\/\/matt-serial-check.com\/wp-content\/uploads\/2025\/09\/patek-philippe-300x159.png 300w, https:\/\/matt-serial-check.com\/wp-content\/uploads\/2025\/09\/patek-philippe-768x407.png 768w, https:\/\/matt-serial-check.com\/wp-content\/uploads\/2025\/09\/patek-philippe-1536x814.png 1536w, https:\/\/matt-serial-check.com\/wp-content\/uploads\/2025\/09\/patek-philippe-2048x1085.png 2048w\" sizes=\"(max-width: 800px) 100vw, 800px\" \/>\t\t\t\t\t\t\t\t\t\t\t\t\t\t\t<\/div>\n\t\t\t\t<\/div>\n\t\t\t\t<div class=\"elementor-element elementor-element-8f92bfd elementor-widget-divider--view-line elementor-widget elementor-widget-divider\" data-id=\"8f92bfd\" data-element_type=\"widget\" data-e-type=\"widget\" data-widget_type=\"divider.default\">\n\t\t\t\t<div class=\"elementor-widget-container\">\n\t\t\t\t\t\t\t<div class=\"elementor-divider\">\n\t\t\t<span class=\"elementor-divider-separator\">\n\t\t\t\t\t\t<\/span>\n\t\t<\/div>\n\t\t\t\t\t\t<\/div>\n\t\t\t\t<\/div>\n\t\t\t\t<div class=\"elementor-element elementor-element-a04e896 elementor-widget elementor-widget-heading\" data-id=\"a04e896\" data-element_type=\"widget\" data-e-type=\"widget\" data-widget_type=\"heading.default\">\n\t\t\t\t<div class=\"elementor-widget-container\">\n\t\t\t\t\t<h1 class=\"elementor-heading-title elementor-size-default\">V\u00e9rification de Montre Patek Philippe<\/h1>\t\t\t\t<\/div>\n\t\t\t\t<\/div>\n\t\t\t\t<div class=\"elementor-element elementor-element-f7a2d5b elementor-widget elementor-widget-heading\" data-id=\"f7a2d5b\" data-element_type=\"widget\" data-e-type=\"widget\" data-widget_type=\"heading.default\">\n\t\t\t\t<div class=\"elementor-widget-container\">\n\t\t\t\t\t<p class=\"elementor-heading-title elementor-size-default\">Remplissez vos informations ci-dessous:<\/p>\t\t\t\t<\/div>\n\t\t\t\t<\/div>\n\t\t\t\t<div class=\"elementor-element elementor-element-fed96f5 elementor-widget__width-initial elementor-button-align-stretch elementor-widget elementor-widget-form\" data-id=\"fed96f5\" data-element_type=\"widget\" data-e-type=\"widget\" data-settings=\"{&quot;step_next_label&quot;:&quot;Next&quot;,&quot;step_previous_label&quot;:&quot;Previous&quot;,&quot;button_width&quot;:&quot;100&quot;,&quot;step_type&quot;:&quot;number_text&quot;,&quot;step_icon_shape&quot;:&quot;circle&quot;}\" data-widget_type=\"form.default\">\n\t\t\t\t<div class=\"elementor-widget-container\">\n\t\t\t\t\t\t\t<form class=\"elementor-form\" method=\"post\" name=\"Patek Philippe FR\" aria-label=\"Patek Philippe FR\">\n\t\t\t<input type=\"hidden\" name=\"post_id\" value=\"416\"\/>\n\t\t\t<input type=\"hidden\" name=\"form_id\" value=\"fed96f5\"\/>\n\t\t\t<input type=\"hidden\" name=\"referer_title\" value=\"Matt Serial Check\" \/>\n\n\t\t\t\n\t\t\t<div class=\"elementor-form-fields-wrapper elementor-labels-\">\n\t\t\t\t\t\t\t\t<div class=\"elementor-field-type-text elementor-field-group elementor-column elementor-field-group-name elementor-col-100 elementor-field-required\">\n\t\t\t\t\t\t\t\t\t\t\t\t<label for=\"form-field-name\" class=\"elementor-field-label elementor-screen-only\">\n\t\t\t\t\t\t\t\tName\t\t\t\t\t\t\t<\/label>\n\t\t\t\t\t\t\t\t\t\t\t\t\t\t<input size=\"1\" type=\"text\" name=\"form_fields[name]\" id=\"form-field-name\" class=\"elementor-field elementor-size-lg  elementor-field-textual\" placeholder=\"Nom Complet*\" required=\"required\">\n\t\t\t\t\t\t\t\t\t\t\t<\/div>\n\t\t\t\t\t\t\t\t<div class=\"elementor-field-type-tel elementor-field-group elementor-column elementor-field-group-phone elementor-col-100 elementor-field-required\">\n\t\t\t\t\t\t\t\t\t\t\t\t<label for=\"form-field-phone\" class=\"elementor-field-label elementor-screen-only\">\n\t\t\t\t\t\t\t\tPhone\t\t\t\t\t\t\t<\/label>\n\t\t\t\t\t\t\t\t<input size=\"1\" type=\"tel\" name=\"form_fields[phone]\" id=\"form-field-phone\" class=\"elementor-field elementor-size-lg  elementor-field-textual\" placeholder=\"T\u00e9l\u00e9phone*\" required=\"required\" pattern=\"[0-9()#&amp;+*-=.]+\" title=\"Seuls les caract\u00e8res de num\u00e9ros de t\u00e9l\u00e9phone (#, -, *, etc.) sont accept\u00e9s.\">\n\n\t\t\t\t\t\t<\/div>\n\t\t\t\t\t\t\t\t<div class=\"elementor-field-type-email elementor-field-group elementor-column elementor-field-group-email elementor-col-100 elementor-field-required\">\n\t\t\t\t\t\t\t\t\t\t\t\t<label for=\"form-field-email\" class=\"elementor-field-label elementor-screen-only\">\n\t\t\t\t\t\t\t\tEmail\t\t\t\t\t\t\t<\/label>\n\t\t\t\t\t\t\t\t\t\t\t\t\t\t<input size=\"1\" type=\"email\" name=\"form_fields[email]\" id=\"form-field-email\" class=\"elementor-field elementor-size-lg  elementor-field-textual\" placeholder=\"Email*\" required=\"required\">\n\t\t\t\t\t\t\t\t\t\t\t<\/div>\n\t\t\t\t\t\t\t\t<div class=\"elementor-field-type-html elementor-field-group elementor-column elementor-field-group-field_66687ce elementor-col-100\">\n\t\t\t\t\t<br>\t\t\t\t<\/div>\n\t\t\t\t\t\t\t\t<div class=\"elementor-field-type-text elementor-field-group elementor-column elementor-field-group-serial elementor-col-100 elementor-field-required\">\n\t\t\t\t\t\t\t\t\t\t\t\t<label for=\"form-field-serial\" class=\"elementor-field-label elementor-screen-only\">\n\t\t\t\t\t\t\t\tCase Serial Number\t\t\t\t\t\t\t<\/label>\n\t\t\t\t\t\t\t\t\t\t\t\t\t\t<input size=\"1\" type=\"text\" name=\"form_fields[serial]\" id=\"form-field-serial\" class=\"elementor-field elementor-size-lg  elementor-field-textual\" placeholder=\"Num\u00e9ro de S\u00e9rie du Bo\u00eetier*\" required=\"required\">\n\t\t\t\t\t\t\t\t\t\t\t<\/div>\n\t\t\t\t\t\t\t\t<div class=\"elementor-field-type-text elementor-field-group elementor-column elementor-field-group-serial2 elementor-col-100 elementor-field-required\">\n\t\t\t\t\t\t\t\t\t\t\t\t<label for=\"form-field-serial2\" class=\"elementor-field-label elementor-screen-only\">\n\t\t\t\t\t\t\t\tMovement Serial Number\t\t\t\t\t\t\t<\/label>\n\t\t\t\t\t\t\t\t\t\t\t\t\t\t<input size=\"1\" type=\"text\" name=\"form_fields[serial2]\" id=\"form-field-serial2\" class=\"elementor-field elementor-size-lg  elementor-field-textual\" placeholder=\"Num\u00e9ro de S\u00e9rie du Mouvement*\" required=\"required\">\n\t\t\t\t\t\t\t\t\t\t\t<\/div>\n\t\t\t\t\t\t\t\t<div class=\"elementor-field-type-html elementor-field-group elementor-column elementor-field-group-field_1da379d elementor-col-100\">\n\t\t\t\t\t<small>Indiqu\u00e9 sur le Certificat d\u2019Origine, et peut \u00e9galement se trouver \u00e0 l\u2019int\u00e9rieur du fond de bo\u00eete.\nLe format du num\u00e9ro de s\u00e9rie contient \u00e0 la fois des lettres et des chiffres.\n<\/small>\n<br><br>\t\t\t\t<\/div>\n\t\t\t\t\t\t\t\t<div class=\"elementor-field-type-acceptance elementor-field-group elementor-column elementor-field-group-time elementor-col-100 elementor-field-required\">\n\t\t\t\t\t\t\t\t\t\t\t\t<label for=\"form-field-time\" class=\"elementor-field-label elementor-screen-only\">\n\t\t\t\t\t\t\t\tTime\t\t\t\t\t\t\t<\/label>\n\t\t\t\t\t\t\t\t<div class=\"elementor-field-subgroup\">\n\t\t\t<span class=\"elementor-field-option\">\n\t\t\t\t<input type=\"checkbox\" name=\"form_fields[time]\" id=\"form-field-time\" class=\"elementor-field elementor-size-lg  elementor-acceptance-field\" required=\"required\">\n\t\t\t\t<label for=\"form-field-time\">J\u2019accepte qu\u2019il faille 24 \u00e0 72 heures pour recevoir une r\u00e9ponse*<\/label>\t\t\t<\/span>\n\t\t<\/div>\n\t\t\t\t\t\t<\/div>\n\t\t\t\t\t\t\t\t<div class=\"elementor-field-type-acceptance elementor-field-group elementor-column elementor-field-group-terms elementor-col-100 elementor-field-required\">\n\t\t\t\t\t\t\t\t\t\t\t\t<label for=\"form-field-terms\" class=\"elementor-field-label elementor-screen-only\">\n\t\t\t\t\t\t\t\tTerms\t\t\t\t\t\t\t<\/label>\n\t\t\t\t\t\t\t\t<div class=\"elementor-field-subgroup\">\n\t\t\t<span class=\"elementor-field-option\">\n\t\t\t\t<input type=\"checkbox\" name=\"form_fields[terms]\" id=\"form-field-terms\" class=\"elementor-field elementor-size-lg  elementor-acceptance-field\" required=\"required\">\n\t\t\t\t<label for=\"form-field-terms\">J\u2019accepte la politique de confidentialit\u00e9 du site*<\/label>\t\t\t<\/span>\n\t\t<\/div>\n\t\t\t\t\t\t<\/div>\n\t\t\t\t\t\t\t\t<div class=\"elementor-field-type-acceptance elementor-field-group elementor-column elementor-field-group-pay elementor-col-100 elementor-field-required\">\n\t\t\t\t\t\t\t\t\t\t\t\t<label for=\"form-field-pay\" class=\"elementor-field-label elementor-screen-only\">\n\t\t\t\t\t\t\t\tPay\t\t\t\t\t\t\t<\/label>\n\t\t\t\t\t\t\t\t<div class=\"elementor-field-subgroup\">\n\t\t\t<span class=\"elementor-field-option\">\n\t\t\t\t<input type=\"checkbox\" name=\"form_fields[pay]\" id=\"form-field-pay\" class=\"elementor-field elementor-size-lg  elementor-acceptance-field\" required=\"required\">\n\t\t\t\t<label for=\"form-field-pay\">J\u2019accepte de payer 850$ pour ce processus de v\u00e9rification de ma montre, et je suis conscient(e) que ce montant n\u2019est pas remboursable*<\/label>\t\t\t<\/span>\n\t\t<\/div>\n\t\t\t\t\t\t<\/div>\n\t\t\t\t\t\t\t\t<div class=\"elementor-field-group elementor-column elementor-field-type-submit elementor-col-100 e-form__buttons\">\n\t\t\t\t\t<button class=\"elementor-button elementor-size-lg\" type=\"submit\">\n\t\t\t\t\t\t<span class=\"elementor-button-content-wrapper\">\n\t\t\t\t\t\t\t\t\t\t\t\t\t\t\t<span class=\"elementor-button-icon\">\n\t\t\t\t\t\t\t\t\t<svg aria-hidden=\"true\" class=\"e-font-icon-svg e-fas-arrow-right\" viewBox=\"0 0 448 512\" xmlns=\"http:\/\/www.w3.org\/2000\/svg\"><path d=\"M190.5 66.9l22.2-22.2c9.4-9.4 24.6-9.4 33.9 0L441 239c9.4 9.4 9.4 24.6 0 33.9L246.6 467.3c-9.4 9.4-24.6 9.4-33.9 0l-22.2-22.2c-9.5-9.5-9.3-25 .4-34.3L311.4 296H24c-13.3 0-24-10.7-24-24v-32c0-13.3 10.7-24 24-24h287.4L190.9 101.2c-9.8-9.3-10-24.8-.4-34.3z\"><\/path><\/svg>\t\t\t\t\t\t\t\t\t\t\t\t\t\t\t\t\t<\/span>\n\t\t\t\t\t\t\t\t\t\t\t\t\t\t\t\t\t\t\t\t\t\t<span class=\"elementor-button-text\">Proc\u00e9der au Paiement<\/span>\n\t\t\t\t\t\t\t\t\t\t\t\t\t<\/span>\n\t\t\t\t\t<\/button>\n\t\t\t\t<\/div>\n\t\t\t<\/div>\n\t\t<\/form>\n\t\t\t\t\t\t<\/div>\n\t\t\t\t<\/div>\n\t\t\t\t<div class=\"elementor-element elementor-element-94dfe73 elementor-widget elementor-widget-heading\" data-id=\"94dfe73\" data-element_type=\"widget\" data-e-type=\"widget\" data-widget_type=\"heading.default\">\n\t\t\t\t<div class=\"elementor-widget-container\">\n\t\t\t\t\t<div class=\"elementor-heading-title elementor-size-default\">\ud83d\udd12 Paiement s\u00e9curis\u00e9 par carte bancaire, propuls\u00e9 par Upay<\/div>\t\t\t\t<\/div>\n\t\t\t\t<\/div>\n\t\t\t\t\t<\/div>\n\t\t\t\t<\/div>\n\t\t\t\t<\/div>\n\t\t","protected":false},"excerpt":{"rendered":"<p>V\u00e9rification de Montre Patek Philippe Remplissez vos informations ci-dessous: \ud83d\udd12 Paiement s\u00e9curis\u00e9 par carte bancaire, propuls\u00e9 par Upay<\/p>\n","protected":false},"author":1,"featured_media":386,"parent":0,"menu_order":4,"comment_status":"closed","ping_status":"closed","template":"","meta":{"footnotes":""},"class_list":["post-416","page","type-page","status-publish","has-post-thumbnail","hentry"],"yoast_head":"<!-- This site is optimized with the Yoast SEO plugin v27.4 - https:\/\/yoast.com\/product\/yoast-seo-wordpress\/ -->\n<title>Patek Philippe - Matt Serial Check<\/title>\n<meta name=\"robots\" content=\"index, follow, max-snippet:-1, max-image-preview:large, max-video-preview:-1\" \/>\n<link rel=\"canonical\" href=\"https:\/\/matt-serial-check.com\/fr\/patek-philippe\/\" \/>\n<meta property=\"og:locale\" content=\"fr_FR\" \/>\n<meta property=\"og:type\" content=\"article\" \/>\n<meta property=\"og:title\" content=\"Patek Philippe - Matt Serial Check\" \/>\n<meta property=\"og:description\" content=\"V\u00e9rification de Montre Patek Philippe Remplissez vos informations ci-dessous: \ud83d\udd12 Paiement s\u00e9curis\u00e9 par carte bancaire, propuls\u00e9 par Upay\" \/>\n<meta property=\"og:url\" content=\"https:\/\/matt-serial-check.com\/fr\/patek-philippe\/\" \/>\n<meta property=\"og:site_name\" content=\"Matt Serial Check\" \/>\n<meta property=\"article:modified_time\" content=\"2026-01-21T14:15:45+00:00\" \/>\n<meta property=\"og:image\" content=\"https:\/\/matt-serial-check.com\/wp-content\/uploads\/2025\/09\/2.jpg\" \/>\n\t<meta property=\"og:image:width\" content=\"1200\" \/>\n\t<meta property=\"og:image:height\" content=\"1200\" \/>\n\t<meta property=\"og:image:type\" content=\"image\/jpeg\" \/>\n<meta name=\"twitter:card\" content=\"summary_large_image\" \/>\n<meta name=\"twitter:label1\" content=\"Dur\u00e9e de lecture estim\u00e9e\" \/>\n\t<meta name=\"twitter:data1\" content=\"1 minute\" \/>\n<script type=\"application\/ld+json\" class=\"yoast-schema-graph\">{\"@context\":\"https:\\\/\\\/schema.org\",\"@graph\":[{\"@type\":\"WebPage\",\"@id\":\"https:\\\/\\\/matt-serial-check.com\\\/fr\\\/patek-philippe\\\/\",\"url\":\"https:\\\/\\\/matt-serial-check.com\\\/fr\\\/patek-philippe\\\/\",\"name\":\"Patek Philippe - Matt Serial Check\",\"isPartOf\":{\"@id\":\"https:\\\/\\\/matt-serial-check.com\\\/fr\\\/#website\"},\"primaryImageOfPage\":{\"@id\":\"https:\\\/\\\/matt-serial-check.com\\\/fr\\\/patek-philippe\\\/#primaryimage\"},\"image\":{\"@id\":\"https:\\\/\\\/matt-serial-check.com\\\/fr\\\/patek-philippe\\\/#primaryimage\"},\"thumbnailUrl\":\"https:\\\/\\\/matt-serial-check.com\\\/wp-content\\\/uploads\\\/2025\\\/09\\\/2.jpg\",\"datePublished\":\"2025-09-23T05:03:40+00:00\",\"dateModified\":\"2026-01-21T14:15:45+00:00\",\"breadcrumb\":{\"@id\":\"https:\\\/\\\/matt-serial-check.com\\\/fr\\\/patek-philippe\\\/#breadcrumb\"},\"inLanguage\":\"fr-FR\",\"potentialAction\":[{\"@type\":\"ReadAction\",\"target\":[\"https:\\\/\\\/matt-serial-check.com\\\/fr\\\/patek-philippe\\\/\"]}]},{\"@type\":\"ImageObject\",\"inLanguage\":\"fr-FR\",\"@id\":\"https:\\\/\\\/matt-serial-check.com\\\/fr\\\/patek-philippe\\\/#primaryimage\",\"url\":\"https:\\\/\\\/matt-serial-check.com\\\/wp-content\\\/uploads\\\/2025\\\/09\\\/2.jpg\",\"contentUrl\":\"https:\\\/\\\/matt-serial-check.com\\\/wp-content\\\/uploads\\\/2025\\\/09\\\/2.jpg\",\"width\":1200,\"height\":1200},{\"@type\":\"BreadcrumbList\",\"@id\":\"https:\\\/\\\/matt-serial-check.com\\\/fr\\\/patek-philippe\\\/#breadcrumb\",\"itemListElement\":[{\"@type\":\"ListItem\",\"position\":1,\"name\":\"Home\",\"item\":\"https:\\\/\\\/matt-serial-check.com\\\/fr\\\/\"},{\"@type\":\"ListItem\",\"position\":2,\"name\":\"Patek Philippe\"}]},{\"@type\":\"WebSite\",\"@id\":\"https:\\\/\\\/matt-serial-check.com\\\/fr\\\/#website\",\"url\":\"https:\\\/\\\/matt-serial-check.com\\\/fr\\\/\",\"name\":\"Matt Serial Check\",\"description\":\"Authenticate Your Watch - Fast, Secure, Reliable.\",\"publisher\":{\"@id\":\"https:\\\/\\\/matt-serial-check.com\\\/fr\\\/#organization\"},\"potentialAction\":[{\"@type\":\"SearchAction\",\"target\":{\"@type\":\"EntryPoint\",\"urlTemplate\":\"https:\\\/\\\/matt-serial-check.com\\\/fr\\\/?s={search_term_string}\"},\"query-input\":{\"@type\":\"PropertyValueSpecification\",\"valueRequired\":true,\"valueName\":\"search_term_string\"}}],\"inLanguage\":\"fr-FR\"},{\"@type\":\"Organization\",\"@id\":\"https:\\\/\\\/matt-serial-check.com\\\/fr\\\/#organization\",\"name\":\"Matt Serial Check\",\"url\":\"https:\\\/\\\/matt-serial-check.com\\\/fr\\\/\",\"logo\":{\"@type\":\"ImageObject\",\"inLanguage\":\"fr-FR\",\"@id\":\"https:\\\/\\\/matt-serial-check.com\\\/fr\\\/#\\\/schema\\\/logo\\\/image\\\/\",\"url\":\"https:\\\/\\\/matt-serial-check.com\\\/wp-content\\\/uploads\\\/2025\\\/09\\\/2.jpg\",\"contentUrl\":\"https:\\\/\\\/matt-serial-check.com\\\/wp-content\\\/uploads\\\/2025\\\/09\\\/2.jpg\",\"width\":1200,\"height\":1200,\"caption\":\"Matt Serial Check\"},\"image\":{\"@id\":\"https:\\\/\\\/matt-serial-check.com\\\/fr\\\/#\\\/schema\\\/logo\\\/image\\\/\"}}]}<\/script>\n<!-- \/ Yoast SEO plugin. -->","yoast_head_json":{"title":"Patek Philippe - Matt Serial Check","robots":{"index":"index","follow":"follow","max-snippet":"max-snippet:-1","max-image-preview":"max-image-preview:large","max-video-preview":"max-video-preview:-1"},"canonical":"https:\/\/matt-serial-check.com\/fr\/patek-philippe\/","og_locale":"fr_FR","og_type":"article","og_title":"Patek Philippe - Matt Serial Check","og_description":"V\u00e9rification de Montre Patek Philippe Remplissez vos informations ci-dessous: \ud83d\udd12 Paiement s\u00e9curis\u00e9 par carte bancaire, propuls\u00e9 par Upay","og_url":"https:\/\/matt-serial-check.com\/fr\/patek-philippe\/","og_site_name":"Matt Serial Check","article_modified_time":"2026-01-21T14:15:45+00:00","og_image":[{"width":1200,"height":1200,"url":"https:\/\/matt-serial-check.com\/wp-content\/uploads\/2025\/09\/2.jpg","type":"image\/jpeg"}],"twitter_card":"summary_large_image","twitter_misc":{"Dur\u00e9e de lecture estim\u00e9e":"1 minute"},"schema":{"@context":"https:\/\/schema.org","@graph":[{"@type":"WebPage","@id":"https:\/\/matt-serial-check.com\/fr\/patek-philippe\/","url":"https:\/\/matt-serial-check.com\/fr\/patek-philippe\/","name":"Patek Philippe - Matt Serial Check","isPartOf":{"@id":"https:\/\/matt-serial-check.com\/fr\/#website"},"primaryImageOfPage":{"@id":"https:\/\/matt-serial-check.com\/fr\/patek-philippe\/#primaryimage"},"image":{"@id":"https:\/\/matt-serial-check.com\/fr\/patek-philippe\/#primaryimage"},"thumbnailUrl":"https:\/\/matt-serial-check.com\/wp-content\/uploads\/2025\/09\/2.jpg","datePublished":"2025-09-23T05:03:40+00:00","dateModified":"2026-01-21T14:15:45+00:00","breadcrumb":{"@id":"https:\/\/matt-serial-check.com\/fr\/patek-philippe\/#breadcrumb"},"inLanguage":"fr-FR","potentialAction":[{"@type":"ReadAction","target":["https:\/\/matt-serial-check.com\/fr\/patek-philippe\/"]}]},{"@type":"ImageObject","inLanguage":"fr-FR","@id":"https:\/\/matt-serial-check.com\/fr\/patek-philippe\/#primaryimage","url":"https:\/\/matt-serial-check.com\/wp-content\/uploads\/2025\/09\/2.jpg","contentUrl":"https:\/\/matt-serial-check.com\/wp-content\/uploads\/2025\/09\/2.jpg","width":1200,"height":1200},{"@type":"BreadcrumbList","@id":"https:\/\/matt-serial-check.com\/fr\/patek-philippe\/#breadcrumb","itemListElement":[{"@type":"ListItem","position":1,"name":"Home","item":"https:\/\/matt-serial-check.com\/fr\/"},{"@type":"ListItem","position":2,"name":"Patek Philippe"}]},{"@type":"WebSite","@id":"https:\/\/matt-serial-check.com\/fr\/#website","url":"https:\/\/matt-serial-check.com\/fr\/","name":"Matt Serial Check","description":"Authenticate Your Watch - Fast, Secure, Reliable.","publisher":{"@id":"https:\/\/matt-serial-check.com\/fr\/#organization"},"potentialAction":[{"@type":"SearchAction","target":{"@type":"EntryPoint","urlTemplate":"https:\/\/matt-serial-check.com\/fr\/?s={search_term_string}"},"query-input":{"@type":"PropertyValueSpecification","valueRequired":true,"valueName":"search_term_string"}}],"inLanguage":"fr-FR"},{"@type":"Organization","@id":"https:\/\/matt-serial-check.com\/fr\/#organization","name":"Matt Serial Check","url":"https:\/\/matt-serial-check.com\/fr\/","logo":{"@type":"ImageObject","inLanguage":"fr-FR","@id":"https:\/\/matt-serial-check.com\/fr\/#\/schema\/logo\/image\/","url":"https:\/\/matt-serial-check.com\/wp-content\/uploads\/2025\/09\/2.jpg","contentUrl":"https:\/\/matt-serial-check.com\/wp-content\/uploads\/2025\/09\/2.jpg","width":1200,"height":1200,"caption":"Matt Serial Check"},"image":{"@id":"https:\/\/matt-serial-check.com\/fr\/#\/schema\/logo\/image\/"}}]}},"_links":{"self":[{"href":"https:\/\/matt-serial-check.com\/fr\/wp-json\/wp\/v2\/pages\/416","targetHints":{"allow":["GET"]}}],"collection":[{"href":"https:\/\/matt-serial-check.com\/fr\/wp-json\/wp\/v2\/pages"}],"about":[{"href":"https:\/\/matt-serial-check.com\/fr\/wp-json\/wp\/v2\/types\/page"}],"author":[{"embeddable":true,"href":"https:\/\/matt-serial-check.com\/fr\/wp-json\/wp\/v2\/users\/1"}],"replies":[{"embeddable":true,"href":"https:\/\/matt-serial-check.com\/fr\/wp-json\/wp\/v2\/comments?post=416"}],"version-history":[{"count":22,"href":"https:\/\/matt-serial-check.com\/fr\/wp-json\/wp\/v2\/pages\/416\/revisions"}],"predecessor-version":[{"id":691,"href":"https:\/\/matt-serial-check.com\/fr\/wp-json\/wp\/v2\/pages\/416\/revisions\/691"}],"wp:featuredmedia":[{"embeddable":true,"href":"https:\/\/matt-serial-check.com\/fr\/wp-json\/wp\/v2\/media\/386"}],"wp:attachment":[{"href":"https:\/\/matt-serial-check.com\/fr\/wp-json\/wp\/v2\/media?parent=416"}],"curies":[{"name":"wp","href":"https:\/\/api.w.org\/{rel}","templated":true}]}}