{"id":399,"date":"2025-09-23T08:02:54","date_gmt":"2025-09-23T05:02:54","guid":{"rendered":"https:\/\/matt-serial-check.com\/?page_id=399"},"modified":"2026-01-21T16:15:25","modified_gmt":"2026-01-21T14:15:25","slug":"rolex","status":"publish","type":"page","link":"https:\/\/matt-serial-check.com\/fr\/rolex\/","title":{"rendered":"Rolex"},"content":{"rendered":"\t\t<div data-elementor-type=\"wp-page\" data-elementor-id=\"399\" class=\"elementor elementor-399 elementor-12\" data-elementor-post-type=\"page\">\n\t\t\t\t<div class=\"elementor-element elementor-element-03fe330 e-flex e-con-boxed e-con e-parent\" data-id=\"03fe330\" data-element_type=\"container\" data-e-type=\"container\" data-settings=\"{&quot;background_background&quot;:&quot;classic&quot;}\">\n\t\t\t\t\t<div class=\"e-con-inner\">\n\t\t\t\t<div class=\"elementor-element elementor-element-b8eec37 elementor-widget elementor-widget-image\" data-id=\"b8eec37\" data-element_type=\"widget\" data-e-type=\"widget\" data-widget_type=\"image.default\">\n\t\t\t\t<div class=\"elementor-widget-container\">\n\t\t\t\t\t\t\t\t\t\t\t\t\t\t\t<img fetchpriority=\"high\" decoding=\"async\" width=\"800\" height=\"445\" src=\"https:\/\/matt-serial-check.com\/wp-content\/uploads\/2025\/09\/rolex-1024x569.png\" class=\"attachment-large size-large wp-image-348\" alt=\"\" srcset=\"https:\/\/matt-serial-check.com\/wp-content\/uploads\/2025\/09\/rolex-1024x569.png 1024w, https:\/\/matt-serial-check.com\/wp-content\/uploads\/2025\/09\/rolex-300x167.png 300w, https:\/\/matt-serial-check.com\/wp-content\/uploads\/2025\/09\/rolex-768x427.png 768w, https:\/\/matt-serial-check.com\/wp-content\/uploads\/2025\/09\/rolex.png 1194w\" sizes=\"(max-width: 800px) 100vw, 800px\" \/>\t\t\t\t\t\t\t\t\t\t\t\t\t\t\t<\/div>\n\t\t\t\t<\/div>\n\t\t\t\t<div class=\"elementor-element elementor-element-6974195 elementor-widget-divider--view-line elementor-widget elementor-widget-divider\" data-id=\"6974195\" data-element_type=\"widget\" data-e-type=\"widget\" data-widget_type=\"divider.default\">\n\t\t\t\t<div class=\"elementor-widget-container\">\n\t\t\t\t\t\t\t<div class=\"elementor-divider\">\n\t\t\t<span class=\"elementor-divider-separator\">\n\t\t\t\t\t\t<\/span>\n\t\t<\/div>\n\t\t\t\t\t\t<\/div>\n\t\t\t\t<\/div>\n\t\t\t\t<div class=\"elementor-element elementor-element-4f1fbbb elementor-widget elementor-widget-heading\" data-id=\"4f1fbbb\" data-element_type=\"widget\" data-e-type=\"widget\" data-widget_type=\"heading.default\">\n\t\t\t\t<div class=\"elementor-widget-container\">\n\t\t\t\t\t<h1 class=\"elementor-heading-title elementor-size-default\">V\u00e9rification de Montre Rolex<\/h1>\t\t\t\t<\/div>\n\t\t\t\t<\/div>\n\t\t\t\t<div class=\"elementor-element elementor-element-d1a00ba elementor-widget elementor-widget-heading\" data-id=\"d1a00ba\" data-element_type=\"widget\" data-e-type=\"widget\" data-widget_type=\"heading.default\">\n\t\t\t\t<div class=\"elementor-widget-container\">\n\t\t\t\t\t<p class=\"elementor-heading-title elementor-size-default\">Remplissez vos informations ci-dessous:<\/p>\t\t\t\t<\/div>\n\t\t\t\t<\/div>\n\t\t\t\t<div class=\"elementor-element elementor-element-598029a elementor-widget__width-initial elementor-button-align-stretch elementor-widget elementor-widget-form\" data-id=\"598029a\" data-element_type=\"widget\" data-e-type=\"widget\" data-settings=\"{&quot;step_next_label&quot;:&quot;Next&quot;,&quot;step_previous_label&quot;:&quot;Previous&quot;,&quot;button_width&quot;:&quot;100&quot;,&quot;step_type&quot;:&quot;number_text&quot;,&quot;step_icon_shape&quot;:&quot;circle&quot;}\" data-widget_type=\"form.default\">\n\t\t\t\t<div class=\"elementor-widget-container\">\n\t\t\t\t\t\t\t<form class=\"elementor-form\" method=\"post\" name=\"Rolex FR\" aria-label=\"Rolex FR\">\n\t\t\t<input type=\"hidden\" name=\"post_id\" value=\"399\"\/>\n\t\t\t<input type=\"hidden\" name=\"form_id\" value=\"598029a\"\/>\n\t\t\t<input type=\"hidden\" name=\"referer_title\" value=\"Matt Serial Check\" \/>\n\n\t\t\t\n\t\t\t<div class=\"elementor-form-fields-wrapper elementor-labels-\">\n\t\t\t\t\t\t\t\t<div class=\"elementor-field-type-text elementor-field-group elementor-column elementor-field-group-name elementor-col-100 elementor-field-required\">\n\t\t\t\t\t\t\t\t\t\t\t\t<label for=\"form-field-name\" class=\"elementor-field-label elementor-screen-only\">\n\t\t\t\t\t\t\t\tName\t\t\t\t\t\t\t<\/label>\n\t\t\t\t\t\t\t\t\t\t\t\t\t\t<input size=\"1\" type=\"text\" name=\"form_fields[name]\" id=\"form-field-name\" class=\"elementor-field elementor-size-lg  elementor-field-textual\" placeholder=\"Nom Complet*\" required=\"required\">\n\t\t\t\t\t\t\t\t\t\t\t<\/div>\n\t\t\t\t\t\t\t\t<div class=\"elementor-field-type-tel elementor-field-group elementor-column elementor-field-group-phone elementor-col-100 elementor-field-required\">\n\t\t\t\t\t\t\t\t\t\t\t\t<label for=\"form-field-phone\" class=\"elementor-field-label elementor-screen-only\">\n\t\t\t\t\t\t\t\tPhone\t\t\t\t\t\t\t<\/label>\n\t\t\t\t\t\t\t\t<input size=\"1\" type=\"tel\" name=\"form_fields[phone]\" id=\"form-field-phone\" class=\"elementor-field elementor-size-lg  elementor-field-textual\" placeholder=\"T\u00e9l\u00e9phone*\" required=\"required\" pattern=\"[0-9()#&amp;+*-=.]+\" title=\"Seuls les caract\u00e8res de num\u00e9ros de t\u00e9l\u00e9phone (#, -, *, etc.) sont accept\u00e9s.\">\n\n\t\t\t\t\t\t<\/div>\n\t\t\t\t\t\t\t\t<div class=\"elementor-field-type-email elementor-field-group elementor-column elementor-field-group-email elementor-col-100 elementor-field-required\">\n\t\t\t\t\t\t\t\t\t\t\t\t<label for=\"form-field-email\" class=\"elementor-field-label elementor-screen-only\">\n\t\t\t\t\t\t\t\tEmail\t\t\t\t\t\t\t<\/label>\n\t\t\t\t\t\t\t\t\t\t\t\t\t\t<input size=\"1\" type=\"email\" name=\"form_fields[email]\" id=\"form-field-email\" class=\"elementor-field elementor-size-lg  elementor-field-textual\" placeholder=\"Email*\" required=\"required\">\n\t\t\t\t\t\t\t\t\t\t\t<\/div>\n\t\t\t\t\t\t\t\t<div class=\"elementor-field-type-html elementor-field-group elementor-column elementor-field-group-field_9e0db45 elementor-col-100\">\n\t\t\t\t\t<br>\t\t\t\t<\/div>\n\t\t\t\t\t\t\t\t<div class=\"elementor-field-type-text elementor-field-group elementor-column elementor-field-group-serial elementor-col-100 elementor-field-required\">\n\t\t\t\t\t\t\t\t\t\t\t\t<label for=\"form-field-serial\" class=\"elementor-field-label elementor-screen-only\">\n\t\t\t\t\t\t\t\tRolex Serial Number\t\t\t\t\t\t\t<\/label>\n\t\t\t\t\t\t\t\t\t\t\t\t\t\t<input size=\"1\" type=\"text\" name=\"form_fields[serial]\" id=\"form-field-serial\" class=\"elementor-field elementor-size-lg  elementor-field-textual\" placeholder=\"Num\u00e9ro de s\u00e9rie Rolex*\" required=\"required\">\n\t\t\t\t\t\t\t\t\t\t\t<\/div>\n\t\t\t\t\t\t\t\t<div class=\"elementor-field-type-html elementor-field-group elementor-column elementor-field-group-field_1da379d elementor-col-100\">\n\t\t\t\t\t<small>Sur les montres Rolex modernes (2010+), le num\u00e9ro de s\u00e9rie se trouve entre les cornes du bo\u00eetier \u00e0 la position 6 heures, et comporte g\u00e9n\u00e9ralement 8 caract\u00e8res.\n<br><br>\nNOTE IMPORTANTE :\nLa date d\u2019achat de la montre appara\u00eet avec certitude uniquement \u00e0 partir de 2015.\nDans 90 % des cas, elle appara\u00eet \u00e9galement \u00e0 partir de 2000, mais il n\u2019y a aucune garantie que le formulaire contiendra une date, car cela d\u00e9pend du fait qu\u2019elle ait \u00e9t\u00e9 t\u00e9l\u00e9charg\u00e9e ou non dans le syst\u00e8me informatique.\n<\/small>\n<br><br>\t\t\t\t<\/div>\n\t\t\t\t\t\t\t\t<div class=\"elementor-field-type-acceptance elementor-field-group elementor-column elementor-field-group-time elementor-col-100 elementor-field-required\">\n\t\t\t\t\t\t\t\t\t\t\t\t<label for=\"form-field-time\" class=\"elementor-field-label elementor-screen-only\">\n\t\t\t\t\t\t\t\tTime\t\t\t\t\t\t\t<\/label>\n\t\t\t\t\t\t\t\t<div class=\"elementor-field-subgroup\">\n\t\t\t<span class=\"elementor-field-option\">\n\t\t\t\t<input type=\"checkbox\" name=\"form_fields[time]\" id=\"form-field-time\" class=\"elementor-field elementor-size-lg  elementor-acceptance-field\" required=\"required\">\n\t\t\t\t<label for=\"form-field-time\">J\u2019accepte qu\u2019il faille 24 \u00e0 72 heures pour recevoir une r\u00e9ponse*<\/label>\t\t\t<\/span>\n\t\t<\/div>\n\t\t\t\t\t\t<\/div>\n\t\t\t\t\t\t\t\t<div class=\"elementor-field-type-acceptance elementor-field-group elementor-column elementor-field-group-terms elementor-col-100 elementor-field-required\">\n\t\t\t\t\t\t\t\t\t\t\t\t<label for=\"form-field-terms\" class=\"elementor-field-label elementor-screen-only\">\n\t\t\t\t\t\t\t\tTerms\t\t\t\t\t\t\t<\/label>\n\t\t\t\t\t\t\t\t<div class=\"elementor-field-subgroup\">\n\t\t\t<span class=\"elementor-field-option\">\n\t\t\t\t<input type=\"checkbox\" name=\"form_fields[terms]\" id=\"form-field-terms\" class=\"elementor-field elementor-size-lg  elementor-acceptance-field\" required=\"required\">\n\t\t\t\t<label for=\"form-field-terms\">J\u2019accepte la politique de confidentialit\u00e9 du site*<\/label>\t\t\t<\/span>\n\t\t<\/div>\n\t\t\t\t\t\t<\/div>\n\t\t\t\t\t\t\t\t<div class=\"elementor-field-type-acceptance elementor-field-group elementor-column elementor-field-group-pay elementor-col-100 elementor-field-required\">\n\t\t\t\t\t\t\t\t\t\t\t\t<label for=\"form-field-pay\" class=\"elementor-field-label elementor-screen-only\">\n\t\t\t\t\t\t\t\tPay\t\t\t\t\t\t\t<\/label>\n\t\t\t\t\t\t\t\t<div class=\"elementor-field-subgroup\">\n\t\t\t<span class=\"elementor-field-option\">\n\t\t\t\t<input type=\"checkbox\" name=\"form_fields[pay]\" id=\"form-field-pay\" class=\"elementor-field elementor-size-lg  elementor-acceptance-field\" required=\"required\">\n\t\t\t\t<label for=\"form-field-pay\">J\u2019accepte de payer 200$ pour ce processus de v\u00e9rification de ma montre, et je suis conscient(e) que ce montant n\u2019est pas remboursable*<\/label>\t\t\t<\/span>\n\t\t<\/div>\n\t\t\t\t\t\t<\/div>\n\t\t\t\t\t\t\t\t<div class=\"elementor-field-group elementor-column elementor-field-type-submit elementor-col-100 e-form__buttons\">\n\t\t\t\t\t<button class=\"elementor-button elementor-size-lg\" type=\"submit\">\n\t\t\t\t\t\t<span class=\"elementor-button-content-wrapper\">\n\t\t\t\t\t\t\t\t\t\t\t\t\t\t\t<span class=\"elementor-button-icon\">\n\t\t\t\t\t\t\t\t\t<svg aria-hidden=\"true\" class=\"e-font-icon-svg e-fas-arrow-right\" viewBox=\"0 0 448 512\" xmlns=\"http:\/\/www.w3.org\/2000\/svg\"><path d=\"M190.5 66.9l22.2-22.2c9.4-9.4 24.6-9.4 33.9 0L441 239c9.4 9.4 9.4 24.6 0 33.9L246.6 467.3c-9.4 9.4-24.6 9.4-33.9 0l-22.2-22.2c-9.5-9.5-9.3-25 .4-34.3L311.4 296H24c-13.3 0-24-10.7-24-24v-32c0-13.3 10.7-24 24-24h287.4L190.9 101.2c-9.8-9.3-10-24.8-.4-34.3z\"><\/path><\/svg>\t\t\t\t\t\t\t\t\t\t\t\t\t\t\t\t\t<\/span>\n\t\t\t\t\t\t\t\t\t\t\t\t\t\t\t\t\t\t\t\t\t\t<span class=\"elementor-button-text\">Proc\u00e9der au Paiement<\/span>\n\t\t\t\t\t\t\t\t\t\t\t\t\t<\/span>\n\t\t\t\t\t<\/button>\n\t\t\t\t<\/div>\n\t\t\t<\/div>\n\t\t<\/form>\n\t\t\t\t\t\t<\/div>\n\t\t\t\t<\/div>\n\t\t\t\t<div class=\"elementor-element elementor-element-2490fd4 elementor-widget elementor-widget-heading\" data-id=\"2490fd4\" data-element_type=\"widget\" data-e-type=\"widget\" data-widget_type=\"heading.default\">\n\t\t\t\t<div class=\"elementor-widget-container\">\n\t\t\t\t\t<div class=\"elementor-heading-title elementor-size-default\">\ud83d\udd12 Paiement s\u00e9curis\u00e9 par carte bancaire, propuls\u00e9 par Upay<\/div>\t\t\t\t<\/div>\n\t\t\t\t<\/div>\n\t\t\t\t\t<\/div>\n\t\t\t\t<\/div>\n\t\t\t\t<\/div>\n\t\t","protected":false},"excerpt":{"rendered":"<p>V\u00e9rification de Montre Rolex Remplissez vos informations ci-dessous: \ud83d\udd12 Paiement s\u00e9curis\u00e9 par carte bancaire, propuls\u00e9 par Upay<\/p>\n","protected":false},"author":1,"featured_media":386,"parent":0,"menu_order":2,"comment_status":"closed","ping_status":"closed","template":"","meta":{"footnotes":""},"class_list":["post-399","page","type-page","status-publish","has-post-thumbnail","hentry"],"yoast_head":"<!-- This site is optimized with the Yoast SEO plugin v27.4 - https:\/\/yoast.com\/product\/yoast-seo-wordpress\/ -->\n<title>Rolex - Matt Serial Check<\/title>\n<meta name=\"robots\" content=\"index, follow, max-snippet:-1, max-image-preview:large, max-video-preview:-1\" \/>\n<link rel=\"canonical\" href=\"https:\/\/matt-serial-check.com\/fr\/rolex\/\" \/>\n<meta property=\"og:locale\" content=\"fr_FR\" \/>\n<meta property=\"og:type\" content=\"article\" \/>\n<meta property=\"og:title\" content=\"Rolex - Matt Serial Check\" \/>\n<meta property=\"og:description\" content=\"V\u00e9rification de Montre Rolex Remplissez vos informations ci-dessous: \ud83d\udd12 Paiement s\u00e9curis\u00e9 par carte bancaire, propuls\u00e9 par Upay\" \/>\n<meta property=\"og:url\" content=\"https:\/\/matt-serial-check.com\/fr\/rolex\/\" \/>\n<meta property=\"og:site_name\" content=\"Matt Serial Check\" \/>\n<meta property=\"article:modified_time\" content=\"2026-01-21T14:15:25+00:00\" \/>\n<meta property=\"og:image\" content=\"https:\/\/matt-serial-check.com\/wp-content\/uploads\/2025\/09\/2.jpg\" \/>\n\t<meta property=\"og:image:width\" content=\"1200\" \/>\n\t<meta property=\"og:image:height\" content=\"1200\" \/>\n\t<meta property=\"og:image:type\" content=\"image\/jpeg\" \/>\n<meta name=\"twitter:card\" content=\"summary_large_image\" \/>\n<meta name=\"twitter:label1\" content=\"Dur\u00e9e de lecture estim\u00e9e\" \/>\n\t<meta name=\"twitter:data1\" content=\"2 minutes\" \/>\n<script type=\"application\/ld+json\" class=\"yoast-schema-graph\">{\"@context\":\"https:\\\/\\\/schema.org\",\"@graph\":[{\"@type\":\"WebPage\",\"@id\":\"https:\\\/\\\/matt-serial-check.com\\\/fr\\\/rolex\\\/\",\"url\":\"https:\\\/\\\/matt-serial-check.com\\\/fr\\\/rolex\\\/\",\"name\":\"Rolex - Matt Serial Check\",\"isPartOf\":{\"@id\":\"https:\\\/\\\/matt-serial-check.com\\\/fr\\\/#website\"},\"primaryImageOfPage\":{\"@id\":\"https:\\\/\\\/matt-serial-check.com\\\/fr\\\/rolex\\\/#primaryimage\"},\"image\":{\"@id\":\"https:\\\/\\\/matt-serial-check.com\\\/fr\\\/rolex\\\/#primaryimage\"},\"thumbnailUrl\":\"https:\\\/\\\/matt-serial-check.com\\\/wp-content\\\/uploads\\\/2025\\\/09\\\/2.jpg\",\"datePublished\":\"2025-09-23T05:02:54+00:00\",\"dateModified\":\"2026-01-21T14:15:25+00:00\",\"breadcrumb\":{\"@id\":\"https:\\\/\\\/matt-serial-check.com\\\/fr\\\/rolex\\\/#breadcrumb\"},\"inLanguage\":\"fr-FR\",\"potentialAction\":[{\"@type\":\"ReadAction\",\"target\":[\"https:\\\/\\\/matt-serial-check.com\\\/fr\\\/rolex\\\/\"]}]},{\"@type\":\"ImageObject\",\"inLanguage\":\"fr-FR\",\"@id\":\"https:\\\/\\\/matt-serial-check.com\\\/fr\\\/rolex\\\/#primaryimage\",\"url\":\"https:\\\/\\\/matt-serial-check.com\\\/wp-content\\\/uploads\\\/2025\\\/09\\\/2.jpg\",\"contentUrl\":\"https:\\\/\\\/matt-serial-check.com\\\/wp-content\\\/uploads\\\/2025\\\/09\\\/2.jpg\",\"width\":1200,\"height\":1200},{\"@type\":\"BreadcrumbList\",\"@id\":\"https:\\\/\\\/matt-serial-check.com\\\/fr\\\/rolex\\\/#breadcrumb\",\"itemListElement\":[{\"@type\":\"ListItem\",\"position\":1,\"name\":\"Home\",\"item\":\"https:\\\/\\\/matt-serial-check.com\\\/fr\\\/\"},{\"@type\":\"ListItem\",\"position\":2,\"name\":\"Rolex\"}]},{\"@type\":\"WebSite\",\"@id\":\"https:\\\/\\\/matt-serial-check.com\\\/fr\\\/#website\",\"url\":\"https:\\\/\\\/matt-serial-check.com\\\/fr\\\/\",\"name\":\"Matt Serial Check\",\"description\":\"Authenticate Your Watch - Fast, Secure, Reliable.\",\"publisher\":{\"@id\":\"https:\\\/\\\/matt-serial-check.com\\\/fr\\\/#organization\"},\"potentialAction\":[{\"@type\":\"SearchAction\",\"target\":{\"@type\":\"EntryPoint\",\"urlTemplate\":\"https:\\\/\\\/matt-serial-check.com\\\/fr\\\/?s={search_term_string}\"},\"query-input\":{\"@type\":\"PropertyValueSpecification\",\"valueRequired\":true,\"valueName\":\"search_term_string\"}}],\"inLanguage\":\"fr-FR\"},{\"@type\":\"Organization\",\"@id\":\"https:\\\/\\\/matt-serial-check.com\\\/fr\\\/#organization\",\"name\":\"Matt Serial Check\",\"url\":\"https:\\\/\\\/matt-serial-check.com\\\/fr\\\/\",\"logo\":{\"@type\":\"ImageObject\",\"inLanguage\":\"fr-FR\",\"@id\":\"https:\\\/\\\/matt-serial-check.com\\\/fr\\\/#\\\/schema\\\/logo\\\/image\\\/\",\"url\":\"https:\\\/\\\/matt-serial-check.com\\\/wp-content\\\/uploads\\\/2025\\\/09\\\/2.jpg\",\"contentUrl\":\"https:\\\/\\\/matt-serial-check.com\\\/wp-content\\\/uploads\\\/2025\\\/09\\\/2.jpg\",\"width\":1200,\"height\":1200,\"caption\":\"Matt Serial Check\"},\"image\":{\"@id\":\"https:\\\/\\\/matt-serial-check.com\\\/fr\\\/#\\\/schema\\\/logo\\\/image\\\/\"}}]}<\/script>\n<!-- \/ Yoast SEO plugin. -->","yoast_head_json":{"title":"Rolex - Matt Serial Check","robots":{"index":"index","follow":"follow","max-snippet":"max-snippet:-1","max-image-preview":"max-image-preview:large","max-video-preview":"max-video-preview:-1"},"canonical":"https:\/\/matt-serial-check.com\/fr\/rolex\/","og_locale":"fr_FR","og_type":"article","og_title":"Rolex - Matt Serial Check","og_description":"V\u00e9rification de Montre Rolex Remplissez vos informations ci-dessous: \ud83d\udd12 Paiement s\u00e9curis\u00e9 par carte bancaire, propuls\u00e9 par Upay","og_url":"https:\/\/matt-serial-check.com\/fr\/rolex\/","og_site_name":"Matt Serial Check","article_modified_time":"2026-01-21T14:15:25+00:00","og_image":[{"width":1200,"height":1200,"url":"https:\/\/matt-serial-check.com\/wp-content\/uploads\/2025\/09\/2.jpg","type":"image\/jpeg"}],"twitter_card":"summary_large_image","twitter_misc":{"Dur\u00e9e de lecture estim\u00e9e":"2 minutes"},"schema":{"@context":"https:\/\/schema.org","@graph":[{"@type":"WebPage","@id":"https:\/\/matt-serial-check.com\/fr\/rolex\/","url":"https:\/\/matt-serial-check.com\/fr\/rolex\/","name":"Rolex - Matt Serial Check","isPartOf":{"@id":"https:\/\/matt-serial-check.com\/fr\/#website"},"primaryImageOfPage":{"@id":"https:\/\/matt-serial-check.com\/fr\/rolex\/#primaryimage"},"image":{"@id":"https:\/\/matt-serial-check.com\/fr\/rolex\/#primaryimage"},"thumbnailUrl":"https:\/\/matt-serial-check.com\/wp-content\/uploads\/2025\/09\/2.jpg","datePublished":"2025-09-23T05:02:54+00:00","dateModified":"2026-01-21T14:15:25+00:00","breadcrumb":{"@id":"https:\/\/matt-serial-check.com\/fr\/rolex\/#breadcrumb"},"inLanguage":"fr-FR","potentialAction":[{"@type":"ReadAction","target":["https:\/\/matt-serial-check.com\/fr\/rolex\/"]}]},{"@type":"ImageObject","inLanguage":"fr-FR","@id":"https:\/\/matt-serial-check.com\/fr\/rolex\/#primaryimage","url":"https:\/\/matt-serial-check.com\/wp-content\/uploads\/2025\/09\/2.jpg","contentUrl":"https:\/\/matt-serial-check.com\/wp-content\/uploads\/2025\/09\/2.jpg","width":1200,"height":1200},{"@type":"BreadcrumbList","@id":"https:\/\/matt-serial-check.com\/fr\/rolex\/#breadcrumb","itemListElement":[{"@type":"ListItem","position":1,"name":"Home","item":"https:\/\/matt-serial-check.com\/fr\/"},{"@type":"ListItem","position":2,"name":"Rolex"}]},{"@type":"WebSite","@id":"https:\/\/matt-serial-check.com\/fr\/#website","url":"https:\/\/matt-serial-check.com\/fr\/","name":"Matt Serial Check","description":"Authenticate Your Watch - Fast, Secure, Reliable.","publisher":{"@id":"https:\/\/matt-serial-check.com\/fr\/#organization"},"potentialAction":[{"@type":"SearchAction","target":{"@type":"EntryPoint","urlTemplate":"https:\/\/matt-serial-check.com\/fr\/?s={search_term_string}"},"query-input":{"@type":"PropertyValueSpecification","valueRequired":true,"valueName":"search_term_string"}}],"inLanguage":"fr-FR"},{"@type":"Organization","@id":"https:\/\/matt-serial-check.com\/fr\/#organization","name":"Matt Serial Check","url":"https:\/\/matt-serial-check.com\/fr\/","logo":{"@type":"ImageObject","inLanguage":"fr-FR","@id":"https:\/\/matt-serial-check.com\/fr\/#\/schema\/logo\/image\/","url":"https:\/\/matt-serial-check.com\/wp-content\/uploads\/2025\/09\/2.jpg","contentUrl":"https:\/\/matt-serial-check.com\/wp-content\/uploads\/2025\/09\/2.jpg","width":1200,"height":1200,"caption":"Matt Serial Check"},"image":{"@id":"https:\/\/matt-serial-check.com\/fr\/#\/schema\/logo\/image\/"}}]}},"_links":{"self":[{"href":"https:\/\/matt-serial-check.com\/fr\/wp-json\/wp\/v2\/pages\/399","targetHints":{"allow":["GET"]}}],"collection":[{"href":"https:\/\/matt-serial-check.com\/fr\/wp-json\/wp\/v2\/pages"}],"about":[{"href":"https:\/\/matt-serial-check.com\/fr\/wp-json\/wp\/v2\/types\/page"}],"author":[{"embeddable":true,"href":"https:\/\/matt-serial-check.com\/fr\/wp-json\/wp\/v2\/users\/1"}],"replies":[{"embeddable":true,"href":"https:\/\/matt-serial-check.com\/fr\/wp-json\/wp\/v2\/comments?post=399"}],"version-history":[{"count":19,"href":"https:\/\/matt-serial-check.com\/fr\/wp-json\/wp\/v2\/pages\/399\/revisions"}],"predecessor-version":[{"id":685,"href":"https:\/\/matt-serial-check.com\/fr\/wp-json\/wp\/v2\/pages\/399\/revisions\/685"}],"wp:featuredmedia":[{"embeddable":true,"href":"https:\/\/matt-serial-check.com\/fr\/wp-json\/wp\/v2\/media\/386"}],"wp:attachment":[{"href":"https:\/\/matt-serial-check.com\/fr\/wp-json\/wp\/v2\/media?parent=399"}],"curies":[{"name":"wp","href":"https:\/\/api.w.org\/{rel}","templated":true}]}}